{"id":11176,"date":"2022-11-23T12:20:44","date_gmt":"2022-11-23T05:20:44","guid":{"rendered":"https:\/\/shopngonre.com\/?post_type=product&#038;p=11176"},"modified":"2022-11-23T12:34:42","modified_gmt":"2022-11-23T05:34:42","slug":"m89-mu-luoi-trai-hai-mau-soc-den-xanh-la-cay","status":"publish","type":"product","link":"https:\/\/shopngonre.com\/?product=m89-mu-luoi-trai-hai-mau-soc-den-xanh-la-cay","title":{"rendered":"[M89] M\u0169 l\u01b0\u1ee1i trai hai m\u00e0u s\u1ecdc \u0111en &#8211; xanh l\u00e1 c\u00e2y"},"content":{"rendered":"<p>? M\u00d4 T\u1ea2: Ch\u1ea5t li\u1ec7u d\u00f9 ph\u1ed1i da cao c\u1ea5p.<br \/>\nForm th\u1ec3 thao, m\u00e0u s\u1eafc tr\u1ebb trung, ph\u00e1 c\u00e1ch.<\/p>\n<p>? \u0110\u1ed0I T\u01af\u1ee2NG: Nam v\u00e0 n\u1eef.<br \/>\n? V\u00d2NG \u0110\u1ea6U: 52cm \u2013 59cm (M\u1ee8C CHU\u1ea8N: 54 cm \u2013 57 cm).<\/p>\n<p>? \u0110\u1eb6C \u0110I\u1ec2M N\u1ed4I B\u1eacT:<br \/>\n\u2013 V\u1ea3i d\u00f9 \u0111\u01b0\u1ee3c d\u1ec7t t\u1eeb s\u1ee3i t\u1ed5ng h\u1ee3p, t\u00f9y v\u00e0o ch\u1ea5t li\u1ec7u, h\u00e0m l\u01b0\u1ee3ng v\u00e0 c\u00e1ch d\u1ec7t m\u00e0 v\u1ea3i s\u1ebd c\u00f3 nh\u1eefng thu\u1ed9c t\u00ednh v\u00e0 ch\u1ea5t l\u01b0\u1ee3ng kh\u00e1c nhau.<br \/>\n\u2013 V\u1ea3i d\u00f9 N\u00f3n nh\u1eadp v\u1ec1 \u0111\u01b0\u1ee3c d\u1ec7t, nhu\u1ed9m m\u00e0u b\u1eb1ng c\u00f4ng ngh\u1ec7 hi\u1ec7n \u0111\u1ea1i t\u1ea1o ra m\u00e0u s\u1eafc v\u00e0 ch\u1ea5t l\u01b0\u1ee3ng tuy\u1ec7t h\u1ea3o.<br \/>\n\u2013 V\u1ea3i d\u00f9 c\u00f3 \u0111\u1ed9 b\u1ec1n cao, nh\u1eb9, tho\u00e1ng m\u00e1t, kh\u00f4ng th\u1ea5m n\u01b0\u1edbc, \u00edt b\u00e1m b\u1ee5i, d\u1ec5 gi\u1eb7t, \u0111\u1ed9 b\u1ec1n m\u00e0u cao khi ti\u1ebfp x\u00fac v\u1edbi b\u1ee9c x\u1ea1.<\/p>\n<p>? H\u01af\u1edaNG D\u1eaaN S\u1eec D\u1ee4NG \u2013 B\u1ea2O QU\u1ea2N<\/p>\n<p>? B\u1ea3o qu\u1ea3n<br \/>\n\u2013 B\u1ea3o qu\u1ea3n s\u1ea3n ph\u1ea9m n\u01a1i kh\u00f4 r\u00e1o, tho\u00e1ng m\u00e1t.<br \/>\n\u2013 Tr\u01b0\u1eddng h\u1ee3p kh\u00e1ch h\u00e0ng ra nhi\u1ec1u m\u1ed3 h\u00f4i, n\u00ean gi\u1eb7t s\u1ea3n ph\u1ea9m ngay sau khi s\u1eed d\u1ee5ng.<\/p>\n<p>? C\u00e1ch gi\u1eb7t<br \/>\n\u2013 S\u1ea3n ph\u1ea9m ph\u1ed1i da th\u1eadt Kh\u00e1ch h\u00e0ng n\u00ean gi\u1eb7t h\u1ea5p v\u00ec \u0111\u1eb7c th\u00f9 da t\u1ef1 nhi\u00ean th\u01b0\u1eddng x\u1ea3y ra t\u00ecnh tr\u1ea1ng lem m\u00e0u khi ti\u1ebfp x\u00fac v\u1edbi n\u01b0\u1edbc.<br \/>\n\u2013 Trong tr\u01b0\u1eddng h\u1ee3p Kh\u00e1ch h\u00e0ng kh\u00f4ng c\u00f3 \u0111i\u1ec1u ki\u1ec7n gi\u1eb7t h\u1ea5p s\u1ea3n ph\u1ea9m, Qu\u00fd kh\u00e1ch vui l\u00f2ng th\u1ef1c hi\u1ec7n \u0111\u00fang quy tr\u00ecnh gi\u1eb7t \u0111\u1ec3 tr\u00e1nh l\u00e0m m\u1ea5t form d\u00e1ng chu\u1ea9n, lem, b\u1ea1c m\u00e0u da, v\u1ea3i.<br \/>\n\u2013 Kh\u00f4ng ng\u00e2m s\u1ea3n ph\u1ea9m.<br \/>\n\u2013 Kh\u00f4ng gi\u1eb7t chung s\u1ea3n ph\u1ea9m v\u1edbi qu\u1ea7n \u00e1o v\u00e0 c\u00e1c ch\u1ea5t li\u1ec7u v\u1ea3i kh\u00e1c.<br \/>\n\u2013 Kh\u00f4ng s\u1eed d\u1ee5ng d\u1ea7u g\u1ed9i, s\u1eefa t\u1eafm, d\u1ea7u x\u1ea3, ch\u1ea5t t\u1ea9y \u0111\u1ec3 gi\u1eb7t s\u1ea3n ph\u1ea9m.<br \/>\n\u2013 Sau khi gi\u1eb7t xong Qu\u00fd kh\u00e1ch vui l\u00f2ng mang s\u1ea3n ph\u1ea9m \u0111\u1ebfn c\u1eeda h\u00e0ng N\u00f3n S\u01a1n \u0111\u1ec3 \u1ee7i l\u1ea1i.<\/p>\n","protected":false},"excerpt":{"rendered":"<p>? N\u00f3n s\u01a1n ch\u00ednh h\u00e3ng SALE 50% s\u1eadp s\u00e0n<br \/>\n? 99K 1 N\u00f3n \u2014 Tem ch\u00ednh h\u00e3ng \u0111\u1ea7y \u0111\u1ee7<br \/>\n? 2 N\u00f3n mi\u1ec5n ship<br \/>\n===========<br \/>\n\u2705 H\u00ecnh y nh\u01b0 m\u1eabu.<br \/>\n\u2705 Nh\u1eadn h\u00e0ng, ki\u1ec3m tra \u01b0ng \u00fd \u0111\u1eb9p ngon \u0111\u00fang ch\u1ea5t l\u01b0\u1ee3ng m\u1edbi thanh to\u00e1n, kh\u00f4ng c\u1ecdc.<br \/>\n\u2705 Ship h\u00e0ng to\u00e0n qu\u1ed1c kh\u00e1ch mua h\u00e0ng vui l\u00f2ng g\u1eedi h\u00ecnh \u1ea3nh n\u00f3n s\u01a1n c\u1ea7n mua v\u00e0o fanpage \u0111\u1ec3 \u0111\u01b0\u1ee3c nh\u00e2n vi\u00ean t\u01b0 v\u1ea5n.<\/p>\n","protected":false},"featured_media":11173,"comment_status":"open","ping_status":"closed","template":"","meta":[],"product_cat":[74,73,79],"product_tag":[],"_links":{"self":[{"href":"https:\/\/shopngonre.com\/index.php?rest_route=\/wp\/v2\/product\/11176"}],"collection":[{"href":"https:\/\/shopngonre.com\/index.php?rest_route=\/wp\/v2\/product"}],"about":[{"href":"https:\/\/shopngonre.com\/index.php?rest_route=\/wp\/v2\/types\/product"}],"replies":[{"embeddable":true,"href":"https:\/\/shopngonre.com\/index.php?rest_route=%2Fwp%2Fv2%2Fcomments&post=11176"}],"wp:featuredmedia":[{"embeddable":true,"href":"https:\/\/shopngonre.com\/index.php?rest_route=\/wp\/v2\/media\/11173"}],"wp:attachment":[{"href":"https:\/\/shopngonre.com\/index.php?rest_route=%2Fwp%2Fv2%2Fmedia&parent=11176"}],"wp:term":[{"taxonomy":"product_cat","embeddable":true,"href":"https:\/\/shopngonre.com\/index.php?rest_route=%2Fwp%2Fv2%2Fproduct_cat&post=11176"},{"taxonomy":"product_tag","embeddable":true,"href":"https:\/\/shopngonre.com\/index.php?rest_route=%2Fwp%2Fv2%2Fproduct_tag&post=11176"}],"curies":[{"name":"wp","href":"https:\/\/api.w.org\/{rel}","templated":true}]}}