{"id":1210,"date":"2022-10-18T10:55:31","date_gmt":"2022-10-18T03:55:31","guid":{"rendered":"https:\/\/shopngonre.com\/?post_type=product&#038;p=1210"},"modified":"2022-11-22T18:49:15","modified_gmt":"2022-11-22T11:49:15","slug":"mu-luoi-trai-non-cam-mau-trang-soc-xanh-lam-form-unisex","status":"publish","type":"product","link":"https:\/\/shopngonre.com\/?product=mu-luoi-trai-non-cam-mau-trang-soc-xanh-lam-form-unisex","title":{"rendered":"M\u0169 l\u01b0\u1ee1i trai N\u00f3n Cam &#8211; M\u00e0u tr\u1eafng, s\u1ecdc xanh lam, form Unisex"},"content":{"rendered":"<p><strong>M\u0169 l\u01b0\u1ee1i trai N\u00d3N CAM ch\u00ednh h\u00e3ng nam n\u1eef \u0111a d\u1ea1ng nhi\u1ec1u m\u00e0u s\u1eafc , N\u00f3n k\u1ebft phong c\u00e1ch th\u1ec3 thao form chu\u1ea9n unisex nam n\u1eef<\/strong><\/p>\n<p>\u2764\ufe0f <strong>Ch\u00ednh s\u00e1ch CAM K\u1ebeT t\u1eeb N\u00f3n Cam:<\/strong><\/p>\n<p>1. B\u1ea3o h\u00e0nh 12 th\u00e1ng t\u1ea5t c\u1ea3 s\u1ea3n ph\u1ea9m, l\u1ed7i 1 \u0111\u1ed5i 1 theo ch\u00ednh s\u00e1ch c\u1ee7a h\u00e3ng.<br \/>\n2. Tr\u1ee3 gi\u00e1 ph\u00ed v\u1eadn chuy\u1ec3n to\u00e0n qu\u1ed1c, nh\u1eadn h\u00e0ng thanh to\u00e1n<br \/>\n3. H\u00e0ng lu\u00f4n c\u00f3 s\u1eb5n, \u0111\u00f3ng g\u00f3i c\u1ea9n th\u1eadn tr\u01b0\u1edbc khi giao \u0111i<br \/>\n4. H\u1ed7 tr\u1ee3 24\/24, t\u01b0 v\u1ea5n nhi\u1ec7t t\u00ecnh tr\u01b0\u1edbc v\u00e0 sau khi b\u00e1n h\u00e0ng&#8230;^^&#8230;<br \/>\n5. Cam k\u1ebft 100% s\u1ea3n ph\u1ea9m l\u00e0 \u1ea3nh th\u1eadt shop t\u1ef1 ch\u1ee5p.<\/p>\n<p>\u2764\ufe0f <strong>TH\u00d4NG TIN S\u1ea2N PH\u1ea8M<\/strong><\/p>\n<p>&#8211; Ch\u1ea5t li\u1ec7u v\u1ea3i : V\u1ea3i D\u00f9 Gi\u00f3 cao c\u1ea5p nh\u1eadp kh\u1ea9u.<br \/>\n&#8211; Kh\u00f4ng g\u00e2y k\u00edch \u1ee9ng da \u0111\u1ea7u, kh\u00f4ng ra m\u00e0u.<br \/>\n&#8211; Size: freesize, d\u1ec5 d\u00e0ng \u0111i\u1ec1u ch\u1ec9nh size b\u1eb1ng kh\u00f3a sau m\u0169, v\u00f2ng \u0111\u1ea7u 52-58cm th\u00edch h\u1ee3p cho c\u1ea3 nam n\u1eef.<br \/>\n&#8211; S\u1ea3n ph\u1ea9m m\u0169 k\u1ebft U \u0111\u01b0\u1ee3c \u0111\u00f3ng g\u00f3i trong h\u1ed9p \u0111\u1ef1ng cao c\u1ea5p N\u00f3n Cam , th\u00edch h\u1ee3p l\u00e0m qu\u00e0 t\u1eb7ng.<br \/>\n&#8211; Do m\u00e0n h\u00ecnh v\u00e0 \u0111i\u1ec1u ki\u1ec7n \u00e1nh s\u00e1ng kh\u00e1c nhau, m\u00e0u s\u1eafc th\u1ef1c t\u1ebf c\u1ee7a s\u1ea3n ph\u1ea9m c\u00f3 th\u1ec3 ch\u00eanh l\u1ec7ch kho\u1ea3ng 3-5%.<\/p>\n<p>\u2764\ufe0f <strong>M\u00d4 T\u1ea2 S\u1ea2N PH\u1ea8M: N\u00f3n l\u01b0\u1ee1i trai N\u00f3n Cam<\/strong><\/p>\n<p>&#8211; Form d\u00e1ng chu\u1ea9n, ch\u1eafc ch\u1eafn<br \/>\n&#8211; Thi\u1ebft k\u1ebf may th\u00eau tinh t\u1ebf, s\u1eafc s\u1ea3o v\u00e0 th\u1eddi trang<br \/>\n&#8211; Ki\u1ec3u d\u00e1ng: ph\u00f9 h\u1ee3p c\u1ea3 nam v\u00e0 n\u1eef. \u0110a phong c\u00e1ch, g\u1ecdn nh\u1eb9, n\u0103ng \u0111\u1ed9ng<br \/>\n&#8211; M\u00f9a s\u1eed d\u1ee5ng: xu\u00e2n, h\u1ea1, thu, \u0111\u00f4ng<\/p>\n<p>C\u1ea3m \u01a1n qu\u00fd kh\u00e1ch \u0111\u00e3 quan t\u00e2m \u0111\u1ebfn s\u1ea3n ph\u1ea9m b\u00ean Shop. Ch\u00fac qu\u00fd kh\u00e1ch c\u00f3 m\u1ed9t tr\u1ea3i nghi\u1ec7m mua h\u00e0ng tuy\u1ec7t v\u1eddi \u2764\ufe0f\u2764\ufe0f\u2764\ufe0f<\/p>\n","protected":false},"excerpt":{"rendered":"<p>?  N\u00f3n Cam  ch\u00ednh h\u00e3ng SALE  50% s\u1eadp s\u00e0n<br \/>\n? 180K 1 N\u00f3n &#8212;  Tem ch\u00ednh h\u00e3ng n\u00f3n cam  \u0111\u1ea7y \u0111\u1ee7<br \/>\n? 2 N\u00f3n mi\u1ec5n ship<br \/>\n===========<br \/>\n\u2705 H\u00ecnh y nh\u01b0 m\u1eabu<br \/>\n\u2705 Nh\u1eadn h\u00e0ng, ki\u1ec3m tra \u01b0ng \u00fd \u0111\u1eb9p ngon \u0111\u00fang ch\u1ea5t l\u01b0\u1ee3ng m\u1edbi thanh to\u00e1n, kh\u00f4ng c\u1ecdc<\/p>\n","protected":false},"featured_media":1188,"comment_status":"open","ping_status":"closed","template":"","meta":[],"product_cat":[75,73],"product_tag":[],"_links":{"self":[{"href":"https:\/\/shopngonre.com\/index.php?rest_route=\/wp\/v2\/product\/1210"}],"collection":[{"href":"https:\/\/shopngonre.com\/index.php?rest_route=\/wp\/v2\/product"}],"about":[{"href":"https:\/\/shopngonre.com\/index.php?rest_route=\/wp\/v2\/types\/product"}],"replies":[{"embeddable":true,"href":"https:\/\/shopngonre.com\/index.php?rest_route=%2Fwp%2Fv2%2Fcomments&post=1210"}],"wp:featuredmedia":[{"embeddable":true,"href":"https:\/\/shopngonre.com\/index.php?rest_route=\/wp\/v2\/media\/1188"}],"wp:attachment":[{"href":"https:\/\/shopngonre.com\/index.php?rest_route=%2Fwp%2Fv2%2Fmedia&parent=1210"}],"wp:term":[{"taxonomy":"product_cat","embeddable":true,"href":"https:\/\/shopngonre.com\/index.php?rest_route=%2Fwp%2Fv2%2Fproduct_cat&post=1210"},{"taxonomy":"product_tag","embeddable":true,"href":"https:\/\/shopngonre.com\/index.php?rest_route=%2Fwp%2Fv2%2Fproduct_tag&post=1210"}],"curies":[{"name":"wp","href":"https:\/\/api.w.org\/{rel}","templated":true}]}}